{"id":125,"date":"2023-12-18T14:55:28","date_gmt":"2023-12-18T13:55:28","guid":{"rendered":"https:\/\/c-a-t-enterprises.de\/en\/?page_id=125"},"modified":"2026-03-09T11:52:56","modified_gmt":"2026-03-09T10:52:56","slug":"legal-notice","status":"publish","type":"page","link":"https:\/\/c-a-t-enterprises.de\/en\/legal-notice\/","title":{"rendered":"Legal Notice"},"content":{"rendered":"<div id=\"pl-gb125-69e5e4b5ae125\"  class=\"panel-layout\" ><div id=\"pg-gb125-69e5e4b5ae125-0\"  class=\"panel-grid panel-has-style\" ><div class=\"jumbotron jumbotron_content jumbotron_content_banner_impressum panel-row-style panel-row-style-for-gb125-69e5e4b5ae125-0\" ><div id=\"pgc-gb125-69e5e4b5ae125-0-0\"  class=\"panel-grid-cell\" ><div id=\"panel-gb125-69e5e4b5ae125-0-0-0\" class=\"so-panel widget widget_sow-editor panel-first-child panel-last-child\" data-index=\"0\" ><div class=\"container-fluid container_content panel-widget-style panel-widget-style-for-gb125-69e5e4b5ae125-0-0-0\" ><div\n\t\t\t\n\t\t\tclass=\"so-widget-sow-editor so-widget-sow-editor-base\"\n\t\t\t\n\t\t>\n<div class=\"siteorigin-widget-tinymce textwidget\">\n\t<div class=\"row row_content\">\n<div class=\"col-12 col_content col_content_banner\"><picture><source srcset=\"https:\/\/c-a-t-enterprises.de\/wp-content\/uploads\/2023\/12\/banner-impressum.webp\" type=\"image\/webp\" \/><\/picture> <picture><source srcset=\"https:\/\/c-a-t-enterprises.de\/wp-content\/uploads\/2023\/12\/banner-impressum.jpg\" \/><\/picture> <picture><img decoding=\"async\" src=\"https:\/\/c-a-t-enterprises.de\/wp-content\/uploads\/2023\/12\/banner-impressum.jpg\" alt=\"Ray Allen alias Mathias Arnold\" \/><\/picture><\/div>\n<\/div>\n<\/div>\n<\/div><\/div><\/div><\/div><\/div><\/div><\/div>\n\n<div id=\"pl-gb125-69e5e4b5ae64a\"  class=\"panel-layout\" ><div id=\"pg-gb125-69e5e4b5ae64a-0\"  class=\"panel-grid panel-has-style\" ><div class=\"jumbotron jumbotron_content panel-row-style panel-row-style-for-gb125-69e5e4b5ae64a-0\" ><div id=\"pgc-gb125-69e5e4b5ae64a-0-0\"  class=\"panel-grid-cell\" ><div id=\"panel-gb125-69e5e4b5ae64a-0-0-0\" class=\"so-panel widget widget_sow-editor panel-first-child panel-last-child\" data-index=\"0\" ><div class=\"container-fluid container_content panel-widget-style panel-widget-style-for-gb125-69e5e4b5ae64a-0-0-0\" ><div\n\t\t\t\n\t\t\tclass=\"so-widget-sow-editor so-widget-sow-editor-base\"\n\t\t\t\n\t\t>\n<div class=\"siteorigin-widget-tinymce textwidget\">\n\t<div class=\"row row_content\">\n<div class=\"col-12 col_content col_content_95\">\n<div class=\"box_3_gesamt impressum\">\n<div class=\"box_1_box_2 impressum\">\n<div class=\"box_1 impressum\">\n<h1>Ray<br \/>Allen<\/h1>\n<p>Legal Notice<\/p>\n<\/div>\n<div class=\"box_2 impressum\">\n<p>\n                                <span>Angaben gem\u00e4\u00df \u00a7 5 TMG <\/span>\n                            <\/p>\n<p>\n                                <span>Unternehmen<\/span><br \/>C.A.T-Enterprises\n                            <\/p>\n<p>\n                                <span>Gesch\u00e4ftsform<\/span><br \/>Einzelunternehmen\n                            <\/p>\n<p>\n                                <span>Inhaber<\/span><br \/>Mathias Arnold\n                            <\/p>\n<p>\n                                <span>Anschrift<\/span><br \/>Frauendorfer Hauptstra\u00dfe 47<br \/>04654 Frohburg\n                            <\/p>\n<p>\n                                <span>Kontakt<\/span><br \/>Mobil: +49 163 2521787<br \/><a href=\"&#109;&#097;&#105;&#108;&#116;&#111;&#058;&#105;&#110;&#102;&#111;&#064;&#099;&#045;&#097;&#045;&#116;&#045;&#101;&#110;&#116;&#101;&#114;&#112;&#114;&#105;&#115;&#101;&#115;&#046;&#100;&#101;\">&#105;&#110;&#102;&#111;&#064;&#099;&#045;&#097;&#045;&#116;&#045;&#101;&#110;&#116;&#101;&#114;&#112;&#114;&#105;&#115;&#101;&#115;&#046;&#100;&#101;<\/a>\n                            <\/p>\n<p>\n                                <span>Finanzamt<\/span><br \/>Grimma<br \/>\n                                <span>Steuer-Nr.<\/span><br \/>238\/202\/00411\n                            <\/p>\n<p>\n                                <span>Betriebshaftpflichtversicherung<\/span><br \/>Dialog Versicherung AG M\u00fcnchen\n                            <\/p>\n<p>\n                                <span>Webdesign<\/span><br \/>Kerstin Kobsch<br \/><a href=\"https:\/\/www.webdesign-sturm.de\" target=\"_blank\" rel=\"noopener\">webdesign sturm<\/a>\n                            <\/p>\n<p>\n                                <span>Fotografie<\/span><br \/>\n                                Roos Framboos Fotografie<br \/>\n                                Philipp Kumbier Fotografie<br \/>\n                                C.A.T-Enterprises\n                            <\/p>\n<p>\n                                <span>Bildnachweise<\/span><br \/>\n                                Tony Bruce<br \/>\n                                Spooky Sally \u2013 Cherrymuffin Studios<br \/>\n                                Ray van Zeschau<br \/>\n                                Alexander Auerswald\n                            <\/p>\n<p>\n                                Die inhaltliche Verantwortung liegt gem\u00e4\u00df \u00a7 6 MDStV bei Inhaber Mathias Arnold.\n                            <\/p>\n<p>\n                                <span>Haftung f\u00fcr Inhalte<\/span><br \/>\n                                Die Inhalte der Internetseiten von C.A.T-Enterprises wurden mit gr\u00f6\u00dfter Sorgfalt erstellt. Wir bem\u00fchen uns um Aktualit\u00e4t, Vollst\u00e4ndigkeit und Richtigkeit der Inhalte unserer Seiten, k\u00f6nnen hierf\u00fcr jedoch keine Garantie \u00fcbernehmen. Nach \u00a7 7 Abs. 1 (Telemediengesetz) TMG sind wir, als Dienstanbieter, f\u00fcr eigene Inhalte auf unseren Seiten nach den allgemeinen Gesetzen verantwortlich. Jedoch sind wir, als Dienstanbieter, nach \u00a7\u00a7 8 bis 10 TMG nicht verpflichtet, \u00fcbermittelte oder gespeicherte fremde Informationen zu \u00fcberwachen oder nach Umst\u00e4nden zu forschen, die auf eine rechtswidrige T\u00e4tigkeit hinweisen. Hiervon unber\u00fchrt bleiben Verpflichtungen zur Entfernung oder Sperrung der Nutzung von Informationen nach den allgemeinen Gesetzen. Sobald uns Rechtsverst\u00f6\u00dfe bekannt werden, werden wir die entsprechenden Inhalte umgehend entfernen. Eine dahingehende Haftung wird jedoch erst ab dem Zeitpunkt der Kenntnis konkreter Rechtsverletzungen \u00fcbernommen.\n                            <\/p>\n<p>\n                                <span>Haftung f\u00fcr Links<\/span><br \/>\n                                Auf Inhalte der Links zu externen Webseiten Dritter haben wir keinen Einfluss und \u00fcbernehmen deshalb f\u00fcr diese fremden Inhalte auch keine Gew\u00e4hr. F\u00fcr die Inhalte der verlinkten Seiten ist stets der jeweilige Anbieter oder Betreiber der Seiten verantwortlich. Die verlinkten Seiten wurden zum Zeitpunkt der Verlinkung auf m\u00f6gliche Rechtsverst\u00f6\u00dfe \u00fcberpr\u00fcft. Rechtswidrige Inhalte waren zum Zeitpunkt der Verlinkung nicht erkennbar. Eine permanente inhaltliche Kontrolle der verlinkten Seiten ist jedoch ohne konkrete Anhaltspunkte einer Rechtsverletzung nicht zumutbar. Bei Bekanntwerden von Rechtsverletzungen werden wir derartige Links umgehend entfernen.\n                            <\/p>\n<p>\n                                <span>Urheberrecht<\/span><br \/>\n                                Die durch die Seitenbetreiber erstellten Inhalte und Werke auf diesen Seiten unterliegen dem deutschen Urheberrecht. Die Vervielf\u00e4ltigung, Bearbeitung, Verbreitung und jede Art der Verwertung au\u00dferhalb der Grenzen des Urheberrechtes bed\u00fcrfen der schriftlichen Zustimmung des jeweiligen Autors bzw. Erstellers. Downloads und Kopien dieser Seite sind nur f\u00fcr den privaten, nicht kommerziellen Gebrauch gestattet. Soweit die Inhalte auf dieser Seite nicht vom Betreiber erstellt wurden, werden die Urheberrechte Dritter beachtet. Insbesondere werden Inhalte Dritter als solche gekennzeichnet. Sollten Sie trotzdem auf eine Urheberrechtsverletzung aufmerksam werden, bitten wir um einen entsprechenden Hinweis. Bei Bekanntwerden von Rechtsverletzungen werden wir derartige Inhalte umgehend entfernen.\n                            <\/p>\n<p>\n                                <span>Au\u00dfergerichtliche Streitbeilegung <\/span><br \/>\n                                Gem\u00e4\u00df \u00a7 36 Verbraucherstreitbeilegungsgesetz (VSBG) sind wir weder verpflichtet noch dazu bereit, im Falle einer Streitigkeit mit einem Verbraucher an einem Streitbeilegungsverfahren vor einer Verbraucherschlichtungsstelle teilzunehmen.\n                            <\/p>\n<p>\n                                Dieses Impressum gilt auch f\u00fcr die Facebookseite <br \/>\n                                <a href=\"https:\/\/www.facebook.com\/RayAllenAndHisBand\/\" target=\"_blank\" rel=\"noopener\">Ray Allen &amp; Band<\/a>\n                            <\/p>\n<\/div>\n<\/div>\n<\/div>\n<\/div>\n<\/div>\n<\/div>\n<\/div><\/div><\/div><\/div><\/div><\/div><\/div>","protected":false},"excerpt":{"rendered":"","protected":false},"author":1,"featured_media":0,"parent":0,"menu_order":0,"comment_status":"closed","ping_status":"closed","template":"","meta":{"_acf_changed":false,"footnotes":""},"acf":[],"yoast_head":"<!-- This site is optimized with the Yoast SEO plugin v22.1 - https:\/\/yoast.com\/wordpress\/plugins\/seo\/ -->\n<title>Ray Allen Legal Notice<\/title>\n<meta name=\"description\" content=\"Lesen Sie auf der Seite Legal Notice die Angaben gem\u00e4\u00df \u00a7 5 TMG von Ray Allen alias Mathias Arnold - Inh. von C.A.T.-Enterprises.\" \/>\n<meta name=\"robots\" content=\"index, follow, max-snippet:-1, max-image-preview:large, max-video-preview:-1\" \/>\n<link rel=\"canonical\" href=\"https:\/\/c-a-t-enterprises.de\/en\/legal-notice\/\" \/>\n<meta property=\"og:locale\" content=\"en_US\" \/>\n<meta property=\"og:type\" content=\"article\" \/>\n<meta property=\"og:title\" content=\"Ray Allen Legal Notice\" \/>\n<meta property=\"og:description\" content=\"Lesen Sie auf der Seite Legal Notice die Angaben gem\u00e4\u00df \u00a7 5 TMG von Ray Allen alias Mathias Arnold - Inh. von C.A.T.-Enterprises.\" \/>\n<meta property=\"og:url\" content=\"https:\/\/c-a-t-enterprises.de\/en\/legal-notice\/\" \/>\n<meta property=\"og:site_name\" content=\"Ray Allen EN\" \/>\n<meta property=\"article:modified_time\" content=\"2026-03-09T10:52:56+00:00\" \/>\n<meta property=\"og:image\" content=\"https:\/\/c-a-t-enterprises.de\/wp-content\/uploads\/2023\/12\/banner-impressum.jpg\" \/>\n<meta name=\"twitter:card\" content=\"summary_large_image\" \/>\n<meta name=\"twitter:label1\" content=\"Est. reading time\" \/>\n\t<meta name=\"twitter:data1\" content=\"3 minutes\" \/>\n<script type=\"application\/ld+json\" class=\"yoast-schema-graph\">{\"@context\":\"https:\/\/schema.org\",\"@graph\":[{\"@type\":\"WebPage\",\"@id\":\"https:\/\/c-a-t-enterprises.de\/en\/legal-notice\/\",\"url\":\"https:\/\/c-a-t-enterprises.de\/en\/legal-notice\/\",\"name\":\"Ray Allen Legal Notice\",\"isPartOf\":{\"@id\":\"https:\/\/c-a-t-enterprises.de\/en\/#website\"},\"datePublished\":\"2023-12-18T13:55:28+00:00\",\"dateModified\":\"2026-03-09T10:52:56+00:00\",\"description\":\"Lesen Sie auf der Seite Legal Notice die Angaben gem\u00e4\u00df \u00a7 5 TMG von Ray Allen alias Mathias Arnold - Inh. von C.A.T.-Enterprises.\",\"inLanguage\":\"en-US\",\"potentialAction\":[{\"@type\":\"ReadAction\",\"target\":[\"https:\/\/c-a-t-enterprises.de\/en\/legal-notice\/\"]}]},{\"@type\":\"WebSite\",\"@id\":\"https:\/\/c-a-t-enterprises.de\/en\/#website\",\"url\":\"https:\/\/c-a-t-enterprises.de\/en\/\",\"name\":\"Ray Allen EN\",\"description\":\"Ray Allen &amp; Band | Solo\",\"potentialAction\":[{\"@type\":\"SearchAction\",\"target\":{\"@type\":\"EntryPoint\",\"urlTemplate\":\"https:\/\/c-a-t-enterprises.de\/en\/?s={search_term_string}\"},\"query-input\":\"required name=search_term_string\"}],\"inLanguage\":\"en-US\"}]}<\/script>\n<!-- \/ Yoast SEO plugin. -->","yoast_head_json":{"title":"Ray Allen Legal Notice","description":"Lesen Sie auf der Seite Legal Notice die Angaben gem\u00e4\u00df \u00a7 5 TMG von Ray Allen alias Mathias Arnold - Inh. von C.A.T.-Enterprises.","robots":{"index":"index","follow":"follow","max-snippet":"max-snippet:-1","max-image-preview":"max-image-preview:large","max-video-preview":"max-video-preview:-1"},"canonical":"https:\/\/c-a-t-enterprises.de\/en\/legal-notice\/","og_locale":"en_US","og_type":"article","og_title":"Ray Allen Legal Notice","og_description":"Lesen Sie auf der Seite Legal Notice die Angaben gem\u00e4\u00df \u00a7 5 TMG von Ray Allen alias Mathias Arnold - Inh. von C.A.T.-Enterprises.","og_url":"https:\/\/c-a-t-enterprises.de\/en\/legal-notice\/","og_site_name":"Ray Allen EN","article_modified_time":"2026-03-09T10:52:56+00:00","og_image":[{"url":"https:\/\/c-a-t-enterprises.de\/wp-content\/uploads\/2023\/12\/banner-impressum.jpg"}],"twitter_card":"summary_large_image","twitter_misc":{"Est. reading time":"3 minutes"},"schema":{"@context":"https:\/\/schema.org","@graph":[{"@type":"WebPage","@id":"https:\/\/c-a-t-enterprises.de\/en\/legal-notice\/","url":"https:\/\/c-a-t-enterprises.de\/en\/legal-notice\/","name":"Ray Allen Legal Notice","isPartOf":{"@id":"https:\/\/c-a-t-enterprises.de\/en\/#website"},"datePublished":"2023-12-18T13:55:28+00:00","dateModified":"2026-03-09T10:52:56+00:00","description":"Lesen Sie auf der Seite Legal Notice die Angaben gem\u00e4\u00df \u00a7 5 TMG von Ray Allen alias Mathias Arnold - Inh. von C.A.T.-Enterprises.","inLanguage":"en-US","potentialAction":[{"@type":"ReadAction","target":["https:\/\/c-a-t-enterprises.de\/en\/legal-notice\/"]}]},{"@type":"WebSite","@id":"https:\/\/c-a-t-enterprises.de\/en\/#website","url":"https:\/\/c-a-t-enterprises.de\/en\/","name":"Ray Allen EN","description":"Ray Allen &amp; Band | Solo","potentialAction":[{"@type":"SearchAction","target":{"@type":"EntryPoint","urlTemplate":"https:\/\/c-a-t-enterprises.de\/en\/?s={search_term_string}"},"query-input":"required name=search_term_string"}],"inLanguage":"en-US"}]}},"_links":{"self":[{"href":"https:\/\/c-a-t-enterprises.de\/en\/wp-json\/wp\/v2\/pages\/125"}],"collection":[{"href":"https:\/\/c-a-t-enterprises.de\/en\/wp-json\/wp\/v2\/pages"}],"about":[{"href":"https:\/\/c-a-t-enterprises.de\/en\/wp-json\/wp\/v2\/types\/page"}],"author":[{"embeddable":true,"href":"https:\/\/c-a-t-enterprises.de\/en\/wp-json\/wp\/v2\/users\/1"}],"replies":[{"embeddable":true,"href":"https:\/\/c-a-t-enterprises.de\/en\/wp-json\/wp\/v2\/comments?post=125"}],"version-history":[{"count":5,"href":"https:\/\/c-a-t-enterprises.de\/en\/wp-json\/wp\/v2\/pages\/125\/revisions"}],"predecessor-version":[{"id":299,"href":"https:\/\/c-a-t-enterprises.de\/en\/wp-json\/wp\/v2\/pages\/125\/revisions\/299"}],"wp:attachment":[{"href":"https:\/\/c-a-t-enterprises.de\/en\/wp-json\/wp\/v2\/media?parent=125"}],"curies":[{"name":"wp","href":"https:\/\/api.w.org\/{rel}","templated":true}]}}